{"id":1451,"date":"2018-09-10T21:47:16","date_gmt":"2018-09-10T19:47:16","guid":{"rendered":"http:\/\/zspczarkow.pl\/szkola\/?page_id=1451"},"modified":"2018-09-10T22:19:09","modified_gmt":"2018-09-10T20:19:09","slug":"ubezpieczenie","status":"publish","type":"page","link":"https:\/\/zspczarkow.pl\/szkola\/ubezpieczenie\/","title":{"rendered":"Ubezpieczenie"},"content":{"rendered":"<h2 style=\"text-align: center;\">Poni\u017cej znajd\u0105 Pa\u0144stwo najwa\u017cniejsze informacje dotycz\u0105ce ubezpieczenia na aktualny rok szkolny &#8211; 2018\/2019. Bardzo prosimy o zapoznanie si\u0119 z poni\u017csz\u0105 ofert\u0105.<\/h2>\n<h2 style=\"text-align: center;\"><a href=\"https:\/\/drive.google.com\/file\/d\/0B_DQCnS7aQhLQlk1OWJtTm1Ec19XM3NQSlJfQnVvR3k4TjNv\/view?usp=sharing\"><span style=\"color: #ff0000;\">Og\u00f3lne warunki ubezpieczenia<\/span><\/a><\/h2>\n<h2 style=\"text-align: center;\"><a href=\"https:\/\/drive.google.com\/file\/d\/0B_DQCnS7aQhLTVg4NG5OMTFudmJ3XzNiZU42Uk9Mb0ZfdHAw\/view?usp=sharing\"><span style=\"color: #ff0000;\">Warianty ubezpieczenia<\/span><\/a><\/h2>\n","protected":false},"excerpt":{"rendered":"<p>Poni\u017cej znajd\u0105 Pa\u0144stwo najwa\u017cniejsze informacje dotycz\u0105ce ubezpieczenia na aktualny rok szkolny &#8211; 2018\/2019. Bardzo prosimy o zapoznanie si\u0119 z poni\u017csz\u0105 ofert\u0105. Og\u00f3lne warunki ubezpieczenia Warianty ubezpieczenia<\/p>\n","protected":false},"author":3,"featured_media":0,"parent":0,"menu_order":0,"comment_status":"closed","ping_status":"closed","template":"","meta":{"footnotes":""},"class_list":["post-1451","page","type-page","status-publish","czr-hentry"],"yoast_head":"<!-- This site is optimized with the Yoast SEO plugin v24.7 - https:\/\/yoast.com\/wordpress\/plugins\/seo\/ -->\n<title>Ubezpieczenie - Szko\u0142a Podstawowa im. Kornela Makuszy\u0144skiego w Czarkowie<\/title>\n<meta name=\"robots\" content=\"index, follow, max-snippet:-1, max-image-preview:large, max-video-preview:-1\" \/>\n<link rel=\"canonical\" href=\"https:\/\/zspczarkow.pl\/szkola\/ubezpieczenie\/\" \/>\n<meta property=\"og:locale\" content=\"pl_PL\" \/>\n<meta property=\"og:type\" content=\"article\" \/>\n<meta property=\"og:title\" content=\"Ubezpieczenie - Szko\u0142a Podstawowa im. Kornela Makuszy\u0144skiego w Czarkowie\" \/>\n<meta property=\"og:description\" content=\"Poni\u017cej znajd\u0105 Pa\u0144stwo najwa\u017cniejsze informacje dotycz\u0105ce ubezpieczenia na aktualny rok szkolny &#8211; 2018\/2019. Bardzo prosimy o zapoznanie si\u0119 z poni\u017csz\u0105 ofert\u0105. Og\u00f3lne warunki ubezpieczenia Warianty ubezpieczenia\" \/>\n<meta property=\"og:url\" content=\"https:\/\/zspczarkow.pl\/szkola\/ubezpieczenie\/\" \/>\n<meta property=\"og:site_name\" content=\"Szko\u0142a Podstawowa im. Kornela Makuszy\u0144skiego w Czarkowie\" \/>\n<meta property=\"article:modified_time\" content=\"2018-09-10T20:19:09+00:00\" \/>\n<meta name=\"twitter:card\" content=\"summary_large_image\" \/>\n<script type=\"application\/ld+json\" class=\"yoast-schema-graph\">{\"@context\":\"https:\/\/schema.org\",\"@graph\":[{\"@type\":\"WebPage\",\"@id\":\"https:\/\/zspczarkow.pl\/szkola\/ubezpieczenie\/\",\"url\":\"https:\/\/zspczarkow.pl\/szkola\/ubezpieczenie\/\",\"name\":\"Ubezpieczenie - Szko\u0142a Podstawowa im. Kornela Makuszy\u0144skiego w Czarkowie\",\"isPartOf\":{\"@id\":\"https:\/\/zspczarkow.pl\/szkola\/#website\"},\"datePublished\":\"2018-09-10T19:47:16+00:00\",\"dateModified\":\"2018-09-10T20:19:09+00:00\",\"breadcrumb\":{\"@id\":\"https:\/\/zspczarkow.pl\/szkola\/ubezpieczenie\/#breadcrumb\"},\"inLanguage\":\"pl-PL\",\"potentialAction\":[{\"@type\":\"ReadAction\",\"target\":[\"https:\/\/zspczarkow.pl\/szkola\/ubezpieczenie\/\"]}]},{\"@type\":\"BreadcrumbList\",\"@id\":\"https:\/\/zspczarkow.pl\/szkola\/ubezpieczenie\/#breadcrumb\",\"itemListElement\":[{\"@type\":\"ListItem\",\"position\":1,\"name\":\"Strona g\u0142\u00f3wna\",\"item\":\"https:\/\/zspczarkow.pl\/szkola\/\"},{\"@type\":\"ListItem\",\"position\":2,\"name\":\"Ubezpieczenie\"}]},{\"@type\":\"WebSite\",\"@id\":\"https:\/\/zspczarkow.pl\/szkola\/#website\",\"url\":\"https:\/\/zspczarkow.pl\/szkola\/\",\"name\":\"Szko\u0142a Podstawowa im. Kornela Makuszy\u0144skiego w Czarkowie\",\"description\":\"Szko\u0142a w Czarkowie\",\"publisher\":{\"@id\":\"https:\/\/zspczarkow.pl\/szkola\/#organization\"},\"potentialAction\":[{\"@type\":\"SearchAction\",\"target\":{\"@type\":\"EntryPoint\",\"urlTemplate\":\"https:\/\/zspczarkow.pl\/szkola\/?s={search_term_string}\"},\"query-input\":{\"@type\":\"PropertyValueSpecification\",\"valueRequired\":true,\"valueName\":\"search_term_string\"}}],\"inLanguage\":\"pl-PL\"},{\"@type\":\"Organization\",\"@id\":\"https:\/\/zspczarkow.pl\/szkola\/#organization\",\"name\":\"Szko\u0142a Podstawowa im. Kornela Makuszy\u0144skiego w Czarkowie\",\"url\":\"https:\/\/zspczarkow.pl\/szkola\/\",\"logo\":{\"@type\":\"ImageObject\",\"inLanguage\":\"pl-PL\",\"@id\":\"https:\/\/zspczarkow.pl\/szkola\/#\/schema\/logo\/image\/\",\"url\":\"https:\/\/zspczarkow.pl\/szkola\/wp-content\/uploads\/2022\/10\/Logo4-uproszczone.png\",\"contentUrl\":\"https:\/\/zspczarkow.pl\/szkola\/wp-content\/uploads\/2022\/10\/Logo4-uproszczone.png\",\"width\":2439,\"height\":2440,\"caption\":\"Szko\u0142a Podstawowa im. Kornela Makuszy\u0144skiego w Czarkowie\"},\"image\":{\"@id\":\"https:\/\/zspczarkow.pl\/szkola\/#\/schema\/logo\/image\/\"}}]}<\/script>\n<!-- \/ Yoast SEO plugin. -->","yoast_head_json":{"title":"Ubezpieczenie - Szko\u0142a Podstawowa im. Kornela Makuszy\u0144skiego w Czarkowie","robots":{"index":"index","follow":"follow","max-snippet":"max-snippet:-1","max-image-preview":"max-image-preview:large","max-video-preview":"max-video-preview:-1"},"canonical":"https:\/\/zspczarkow.pl\/szkola\/ubezpieczenie\/","og_locale":"pl_PL","og_type":"article","og_title":"Ubezpieczenie - Szko\u0142a Podstawowa im. Kornela Makuszy\u0144skiego w Czarkowie","og_description":"Poni\u017cej znajd\u0105 Pa\u0144stwo najwa\u017cniejsze informacje dotycz\u0105ce ubezpieczenia na aktualny rok szkolny &#8211; 2018\/2019. Bardzo prosimy o zapoznanie si\u0119 z poni\u017csz\u0105 ofert\u0105. Og\u00f3lne warunki ubezpieczenia Warianty ubezpieczenia","og_url":"https:\/\/zspczarkow.pl\/szkola\/ubezpieczenie\/","og_site_name":"Szko\u0142a Podstawowa im. Kornela Makuszy\u0144skiego w Czarkowie","article_modified_time":"2018-09-10T20:19:09+00:00","twitter_card":"summary_large_image","schema":{"@context":"https:\/\/schema.org","@graph":[{"@type":"WebPage","@id":"https:\/\/zspczarkow.pl\/szkola\/ubezpieczenie\/","url":"https:\/\/zspczarkow.pl\/szkola\/ubezpieczenie\/","name":"Ubezpieczenie - Szko\u0142a Podstawowa im. Kornela Makuszy\u0144skiego w Czarkowie","isPartOf":{"@id":"https:\/\/zspczarkow.pl\/szkola\/#website"},"datePublished":"2018-09-10T19:47:16+00:00","dateModified":"2018-09-10T20:19:09+00:00","breadcrumb":{"@id":"https:\/\/zspczarkow.pl\/szkola\/ubezpieczenie\/#breadcrumb"},"inLanguage":"pl-PL","potentialAction":[{"@type":"ReadAction","target":["https:\/\/zspczarkow.pl\/szkola\/ubezpieczenie\/"]}]},{"@type":"BreadcrumbList","@id":"https:\/\/zspczarkow.pl\/szkola\/ubezpieczenie\/#breadcrumb","itemListElement":[{"@type":"ListItem","position":1,"name":"Strona g\u0142\u00f3wna","item":"https:\/\/zspczarkow.pl\/szkola\/"},{"@type":"ListItem","position":2,"name":"Ubezpieczenie"}]},{"@type":"WebSite","@id":"https:\/\/zspczarkow.pl\/szkola\/#website","url":"https:\/\/zspczarkow.pl\/szkola\/","name":"Szko\u0142a Podstawowa im. Kornela Makuszy\u0144skiego w Czarkowie","description":"Szko\u0142a w Czarkowie","publisher":{"@id":"https:\/\/zspczarkow.pl\/szkola\/#organization"},"potentialAction":[{"@type":"SearchAction","target":{"@type":"EntryPoint","urlTemplate":"https:\/\/zspczarkow.pl\/szkola\/?s={search_term_string}"},"query-input":{"@type":"PropertyValueSpecification","valueRequired":true,"valueName":"search_term_string"}}],"inLanguage":"pl-PL"},{"@type":"Organization","@id":"https:\/\/zspczarkow.pl\/szkola\/#organization","name":"Szko\u0142a Podstawowa im. Kornela Makuszy\u0144skiego w Czarkowie","url":"https:\/\/zspczarkow.pl\/szkola\/","logo":{"@type":"ImageObject","inLanguage":"pl-PL","@id":"https:\/\/zspczarkow.pl\/szkola\/#\/schema\/logo\/image\/","url":"https:\/\/zspczarkow.pl\/szkola\/wp-content\/uploads\/2022\/10\/Logo4-uproszczone.png","contentUrl":"https:\/\/zspczarkow.pl\/szkola\/wp-content\/uploads\/2022\/10\/Logo4-uproszczone.png","width":2439,"height":2440,"caption":"Szko\u0142a Podstawowa im. Kornela Makuszy\u0144skiego w Czarkowie"},"image":{"@id":"https:\/\/zspczarkow.pl\/szkola\/#\/schema\/logo\/image\/"}}]}},"_links":{"self":[{"href":"https:\/\/zspczarkow.pl\/szkola\/wp-json\/wp\/v2\/pages\/1451","targetHints":{"allow":["GET"]}}],"collection":[{"href":"https:\/\/zspczarkow.pl\/szkola\/wp-json\/wp\/v2\/pages"}],"about":[{"href":"https:\/\/zspczarkow.pl\/szkola\/wp-json\/wp\/v2\/types\/page"}],"author":[{"embeddable":true,"href":"https:\/\/zspczarkow.pl\/szkola\/wp-json\/wp\/v2\/users\/3"}],"replies":[{"embeddable":true,"href":"https:\/\/zspczarkow.pl\/szkola\/wp-json\/wp\/v2\/comments?post=1451"}],"version-history":[{"count":3,"href":"https:\/\/zspczarkow.pl\/szkola\/wp-json\/wp\/v2\/pages\/1451\/revisions"}],"predecessor-version":[{"id":1464,"href":"https:\/\/zspczarkow.pl\/szkola\/wp-json\/wp\/v2\/pages\/1451\/revisions\/1464"}],"wp:attachment":[{"href":"https:\/\/zspczarkow.pl\/szkola\/wp-json\/wp\/v2\/media?parent=1451"}],"curies":[{"name":"wp","href":"https:\/\/api.w.org\/{rel}","templated":true}]}}