{"id":2324,"date":"2019-02-05T20:02:12","date_gmt":"2019-02-05T19:02:12","guid":{"rendered":"http:\/\/zspczarkow.pl\/szkola\/?page_id=2324"},"modified":"2026-02-08T21:06:49","modified_gmt":"2026-02-08T20:06:49","slug":"rekrutacja-przedszkole","status":"publish","type":"page","link":"https:\/\/zspczarkow.pl\/szkola\/rekrutacja-przedszkole\/","title":{"rendered":"REKRUTACJA PRZEDSZKOLE"},"content":{"rendered":"<section class=\"post-content entry-content \">\r\n<div class=\"czr-wp-the-content\">\r\n<h3><strong>Terminy post\u0119powania rekrutacyjnego w roku szkolnym 2026\/2027<\/strong><\/h3>\r\nW dniach od 5 <strong>\u00a0lutego do 11 lutego 2026r<\/strong>. \u2013<strong>sk\u0142adanie deklaracji o kontynuowaniu\u00a0wychowania przedszkolnego w roku szkolnym 2026\/2027 przez dzieci ucz\u0119szczaj\u0105ce obecnie do naszej plac\u00f3wki.<\/strong>\r\n<p class=\"has-vivid-red-color has-text-color has-link-color wp-elements-44ca3e45affb4384403ce9d0ee420471\"><strong><span style=\"color: #000000;\">Deklaracje o kontynuacji wychowania przedszkolnego b\u0119d\u0105 dost\u0119pne u wychowawc\u00f3w oraz w sekretariacie szkolnym.\u00a0<\/span><\/strong><\/p>\r\n<p class=\"has-vivid-red-color has-text-color has-link-color wp-elements-44ca3e45affb4384403ce9d0ee420471\"><span style=\"color: #000000;\"><strong>Wype\u0142nione deklaracj\u0119 w wersji papierowej nale\u017cy z\u0142o\u017cy\u0107 u wychowawcy lub w sekretariacie szkolnym\u00a0\u00a0w terminie 05 \u2013 11.02.2026 r. <\/strong><\/span><\/p>\r\n<p class=\"has-vivid-red-color has-text-color has-link-color wp-elements-44ca3e45affb4384403ce9d0ee420471\"><span style=\"color: #000000;\"><strong>Niedope\u0142nienie formalno\u015bci w wyznaczonym terminie b\u0119dzie skutkowa\u0142o przyst\u0105pieniem do ponownej rekrutacji.<\/strong><\/span><\/p>\r\n<span style=\"color: #000000;\">Druk\u00a0 do pobrania :<\/span> <span style=\"color: #000000;\"><a style=\"color: #000000;\" href=\"https:\/\/zspczarkow.pl\/szkola\/rekrutacja-przedszkole\/przedszkola-1\/\" rel=\"attachment wp-att-15679\">Przedszkola (1)<\/a><\/span> <span style=\"color: #000000;\">Wszystkie szczeg\u00f3\u0142y dotycz\u0105ce rekrutacji do przedszkola na nowy rok szkolny 2026\/2027, <\/span><strong><span style=\"color: #000000;\">kt\u00f3ra b\u0119dzie dost\u0119pna od 11.02.2026 r. od godz<\/span>iny 13:00<\/strong>, znajd\u0105 Pa\u0144stwo pod linkiem: <a href=\"https:\/\/zspczarkow.pl\/szkola\/rekrutacja-przedszkole\/terminy-rekrutacji-do-przedszkoli_r-szk-2026-2027\/\" rel=\"attachment wp-att-15680\">Terminy rekrutacji do przedszkoli_r.szk. 2026-2027<\/a> <a href=\"https:\/\/przedszkola-pszczyna.nabory.pl\/\">Serwis rekrutacyjny\u00a0<\/a><\/div>\r\n<\/section>\r\n<div>\r\n<p><strong>Rekrutacja nowych dzieci:<\/strong><\/p>\r\n<p><strong>od 12 lutego<\/strong>\u00a0od\u00a0godziny 8.00 do\u00a0<strong>5 marca<\/strong>\u00a0do\u00a0godziny 20.00 pod adresem\u00a0<a href=\"https:\/\/przedszkola-pszczyna.nabory.pl\/\">https:\/\/przedszkola-pszczyna.nabory.pl<\/a>\u00a0mo\u017cna zapisa\u0107 dziecko do\u00a0przedszkola na\u00a0rok szkolny 2026\/2027.<\/p>\r\n<p>W elektronicznym systemie znajd\u0105 Pa\u0144stwo informacj\u0119 o\u00a0zasadach oraz kryteriach rekrutacji, harmonogram naboru, ofert\u0119 plac\u00f3wek i\u00a0o\u015bwiadczenia do\u00a0pobrania.<\/p>\r\n<p>Rejestracja w\u00a0systemie b\u0119dzie mo\u017cliwa do\u00a05 marca do\u00a0godziny 20.00. Po\u00a0zarejestrowaniu si\u0119 i\u00a0wype\u0142nieniu elektronicznego wniosku, nale\u017cy go wydrukowa\u0107, podpisa\u0107 i\u00a0najp\u00f3\u017aniej do\u00a06 marca (do godziny 15.00) z\u0142o\u017cy\u0107 w\u00a0plac\u00f3wce pierwszego wyboru wraz z\u00a0dokumentami potwierdzaj\u0105cymi spe\u0142nianie kryteri\u00f3w rekrutacyjnych.<\/p>\r\n<p>27 marca o\u00a0godzinie 13.00 zostanie opublikowana lista dzieci zakwalifikowanych i\u00a0niezakwalifikowanych. W\u00a0terminie do\u00a08 kwietnia do\u00a0godziny 15.00 nale\u017cy z\u0142o\u017cy\u0107 potwierdzenie woli zapisania dziecka w\u00a0przedszkolu\/szkole z\u00a0oddzia\u0142ami przedszkolnymi, do\u00a0kt\u00f3rego dziecko zosta\u0142o zakwalifikowane.<\/p>\r\n<p>9 kwietnia o\u00a0godzinie 13.00 zostanie og\u0142oszona lista dzieci przyj\u0119tych i\u00a0nieprzyj\u0119tych do\u00a0przedszkoli.<\/p>\r\n<p><a href=\"https:\/\/bip.pszczyna.pl\/terminy-postepowania-rekrutacyjnego-do-przedszkoli-i-oddzialow-przedszkolnych-w-szkolach-podstawowych-prowadzonych-przez-gmine-pszczyna-na-rok-szkolny-2026-2027-1#cnt\">BIP \u2013 Urz\u0105d Miejski w Pszczynie \u00bb Terminy post\u0119powania rekrutacyjnego do przedszkoli i oddzia\u0142\u00f3w przedszkolnych w szko\u0142ach podstawowych prowadzonych przez gmin\u0119 Pszczyna na rok szkolny 2026\/2027<\/a><\/p>\r\n<\/div>\r\n<div><figure class=\"wp-block-image size-full\"><img decoding=\"async\" class=\"wp-image-2345\" src=\"https:\/\/zspczarkow.pl\/przedszkole\/wp-content\/uploads\/2026\/01\/image.png\" alt=\"\" \/><\/figure>\r\n<figure class=\"wp-block-image size-full\"><img decoding=\"async\" class=\"wp-image-2347\" src=\"https:\/\/zspczarkow.pl\/przedszkole\/wp-content\/uploads\/2026\/01\/image-1.png\" alt=\"\" data-wp-editing=\"1\" \/><\/figure>\r\n<figure class=\"wp-block-image size-full\"><img decoding=\"async\" class=\"wp-image-2348\" src=\"https:\/\/zspczarkow.pl\/przedszkole\/wp-content\/uploads\/2026\/01\/image-2.png\" alt=\"\" \/><\/figure><\/div>\r\n<div><hr \/><\/div>\r\n<section class=\"post-content entry-content \">\r\n<div class=\"czr-wp-the-content\">\r\n<h4 data-relingo-block=\"true\"><a href=\"https:\/\/bip.pszczyna.pl\/terminy-postepowania-rekrutacyjnego-do-przedszkoli-i-oddzialow-przedszkolnych-w-szkolach-podstawowych-prowadzonych-przez-gmine-pszczyna-na-rok-szkolny-2025-2026#cnt\" target=\"_blank\" rel=\"noreferrer noopener\" aria-label=\" (otwiera si\u0119 w nowej zak\u0142adce)\">Terminy post\u0119powania rekrutacyjnego do przedszkoli i oddzia\u0142\u00f3w przedszkolnych w szko\u0142ach podstawowych prowadzonych przez gmin\u0119 Pszczyna na rok szkolny 2025\/2026<\/a><\/h4>\r\n<figure class=\"wp-block-image alignwide\" data-relingo-block=\"true\"><img decoding=\"async\" class=\"wp-image-7119\" src=\"https:\/\/zsppszczyna.pl\/przedszkole\/wp-content\/uploads\/2025\/01\/Terminy-rekrutacji.png\" sizes=\"(max-width: 662px) 100vw, 662px\" srcset=\"https:\/\/zsppszczyna.pl\/przedszkole\/wp-content\/uploads\/2025\/01\/Terminy-rekrutacji.png 662w, https:\/\/zsppszczyna.pl\/przedszkole\/wp-content\/uploads\/2025\/01\/Terminy-rekrutacji-225x300.png 225w\" alt=\"\" \/><\/figure>\r\n<p data-relingo-block=\"true\"><strong>W terminie 3 \u2013 11 luty 2025 r<\/strong>. \u2013 sk\u0142adanie deklaracji o kontynuowaniu przez dziecko wychowania przedszkolnego w roku szkolnym 2025\/2026 przez dzieci ucz\u0119szczaj\u0105ce obecnie do naszej plac\u00f3wki.<\/p>\r\n<p data-relingo-block=\"true\"><strong>Deklaracje o kontynuacji wychowania przedszkolnego<\/strong> b\u0119d\u0105 dost\u0119pne s\u0105 w sekretariacie szkolnym. <strong>Deklaracj\u0119 w wersji papierowej nale\u017cy z\u0142o\u017cy\u0107 w sekretariacie szkolnym <\/strong>\u00a0w terminie\u00a0<strong>03 \u2013 11.02.2025 r<\/strong>.<\/p>\r\n<p data-relingo-block=\"true\">Informujemy tak\u017ce, \u017ce\u00a0<strong>nab\u00f3r nowych dzieci na wolne miejsca<\/strong>\u00a0b\u0119dzie odbywa\u0142 si\u0119 elektronicznie w terminie od\u00a0<strong>14.02.2025r. \u2013 06.03.2025r. do godz.20.00<\/strong><\/p>\r\n<p data-relingo-block=\"true\"><strong>Link do rekrutacji uka\u017ce si\u0119 na stronie BIP Pszczyna w p\u00f3\u017aniejszym terminie, najp\u00f3\u017aniej dniu rozpocz\u0119cia rekrutacji.<\/strong><\/p>\r\n<p data-relingo-block=\"true\"><strong>Prosimy zatem\u00a0 \u015bledzi\u0107 kolejne informacje i pilnowa\u0107 termin\u00f3w w post\u0119powaniu rekrutacyjnym.<\/strong><\/p>\r\n\u00a0<\/div>\r\n<\/section>","protected":false},"excerpt":{"rendered":"<p>Terminy post\u0119powania rekrutacyjnego w roku szkolnym 2026\/2027 W dniach od 5 \u00a0lutego do 11 lutego 2026r. \u2013sk\u0142adanie deklaracji o kontynuowaniu\u00a0wychowania przedszkolnego w roku szkolnym 2026\/2027 przez dzieci ucz\u0119szczaj\u0105ce obecnie do naszej plac\u00f3wki. Deklaracje o kontynuacji wychowania przedszkolnego b\u0119d\u0105 dost\u0119pne u wychowawc\u00f3w oraz w sekretariacie szkolnym.\u00a0 Wype\u0142nione deklaracj\u0119 w wersji papierowej nale\u017cy z\u0142o\u017cy\u0107 u wychowawcy lub [&hellip;]<\/p>\n","protected":false},"author":2,"featured_media":0,"parent":0,"menu_order":0,"comment_status":"closed","ping_status":"closed","template":"","meta":{"footnotes":""},"class_list":["post-2324","page","type-page","status-publish","czr-hentry"],"yoast_head":"<!-- This site is optimized with the Yoast SEO plugin v24.7 - https:\/\/yoast.com\/wordpress\/plugins\/seo\/ -->\n<title>REKRUTACJA PRZEDSZKOLE - Szko\u0142a Podstawowa im. Kornela Makuszy\u0144skiego w Czarkowie<\/title>\n<meta name=\"robots\" content=\"index, follow, max-snippet:-1, max-image-preview:large, max-video-preview:-1\" \/>\n<link rel=\"canonical\" href=\"https:\/\/zspczarkow.pl\/szkola\/rekrutacja-przedszkole\/\" \/>\n<meta property=\"og:locale\" content=\"pl_PL\" \/>\n<meta property=\"og:type\" content=\"article\" \/>\n<meta property=\"og:title\" content=\"REKRUTACJA PRZEDSZKOLE - Szko\u0142a Podstawowa im. Kornela Makuszy\u0144skiego w Czarkowie\" \/>\n<meta property=\"og:description\" content=\"Terminy post\u0119powania rekrutacyjnego w roku szkolnym 2026\/2027 W dniach od 5 \u00a0lutego do 11 lutego 2026r. \u2013sk\u0142adanie deklaracji o kontynuowaniu\u00a0wychowania przedszkolnego w roku szkolnym 2026\/2027 przez dzieci ucz\u0119szczaj\u0105ce obecnie do naszej plac\u00f3wki. Deklaracje o kontynuacji wychowania przedszkolnego b\u0119d\u0105 dost\u0119pne u wychowawc\u00f3w oraz w sekretariacie szkolnym.\u00a0 Wype\u0142nione deklaracj\u0119 w wersji papierowej nale\u017cy z\u0142o\u017cy\u0107 u wychowawcy lub [&hellip;]\" \/>\n<meta property=\"og:url\" content=\"https:\/\/zspczarkow.pl\/szkola\/rekrutacja-przedszkole\/\" \/>\n<meta property=\"og:site_name\" content=\"Szko\u0142a Podstawowa im. Kornela Makuszy\u0144skiego w Czarkowie\" \/>\n<meta property=\"article:modified_time\" content=\"2026-02-08T20:06:49+00:00\" \/>\n<meta property=\"og:image\" content=\"https:\/\/zspczarkow.pl\/szkola\/wp-content\/uploads\/2019\/02\/20190206_112854-1-scaled.jpg\" \/>\n\t<meta property=\"og:image:width\" content=\"2560\" \/>\n\t<meta property=\"og:image:height\" content=\"1920\" \/>\n\t<meta property=\"og:image:type\" content=\"image\/jpeg\" \/>\n<meta name=\"twitter:card\" content=\"summary_large_image\" \/>\n<meta name=\"twitter:label1\" content=\"Szacowany czas czytania\" \/>\n\t<meta name=\"twitter:data1\" content=\"4 minuty\" \/>\n<script type=\"application\/ld+json\" class=\"yoast-schema-graph\">{\"@context\":\"https:\/\/schema.org\",\"@graph\":[{\"@type\":\"WebPage\",\"@id\":\"https:\/\/zspczarkow.pl\/szkola\/rekrutacja-przedszkole\/\",\"url\":\"https:\/\/zspczarkow.pl\/szkola\/rekrutacja-przedszkole\/\",\"name\":\"REKRUTACJA PRZEDSZKOLE - Szko\u0142a Podstawowa im. Kornela Makuszy\u0144skiego w Czarkowie\",\"isPartOf\":{\"@id\":\"https:\/\/zspczarkow.pl\/szkola\/#website\"},\"primaryImageOfPage\":{\"@id\":\"https:\/\/zspczarkow.pl\/szkola\/rekrutacja-przedszkole\/#primaryimage\"},\"image\":{\"@id\":\"https:\/\/zspczarkow.pl\/szkola\/rekrutacja-przedszkole\/#primaryimage\"},\"thumbnailUrl\":\"https:\/\/zspczarkow.pl\/przedszkole\/wp-content\/uploads\/2026\/01\/image.png\",\"datePublished\":\"2019-02-05T19:02:12+00:00\",\"dateModified\":\"2026-02-08T20:06:49+00:00\",\"breadcrumb\":{\"@id\":\"https:\/\/zspczarkow.pl\/szkola\/rekrutacja-przedszkole\/#breadcrumb\"},\"inLanguage\":\"pl-PL\",\"potentialAction\":[{\"@type\":\"ReadAction\",\"target\":[\"https:\/\/zspczarkow.pl\/szkola\/rekrutacja-przedszkole\/\"]}]},{\"@type\":\"ImageObject\",\"inLanguage\":\"pl-PL\",\"@id\":\"https:\/\/zspczarkow.pl\/szkola\/rekrutacja-przedszkole\/#primaryimage\",\"url\":\"https:\/\/zspczarkow.pl\/przedszkole\/wp-content\/uploads\/2026\/01\/image.png\",\"contentUrl\":\"https:\/\/zspczarkow.pl\/przedszkole\/wp-content\/uploads\/2026\/01\/image.png\"},{\"@type\":\"BreadcrumbList\",\"@id\":\"https:\/\/zspczarkow.pl\/szkola\/rekrutacja-przedszkole\/#breadcrumb\",\"itemListElement\":[{\"@type\":\"ListItem\",\"position\":1,\"name\":\"Strona g\u0142\u00f3wna\",\"item\":\"https:\/\/zspczarkow.pl\/szkola\/\"},{\"@type\":\"ListItem\",\"position\":2,\"name\":\"REKRUTACJA PRZEDSZKOLE\"}]},{\"@type\":\"WebSite\",\"@id\":\"https:\/\/zspczarkow.pl\/szkola\/#website\",\"url\":\"https:\/\/zspczarkow.pl\/szkola\/\",\"name\":\"Szko\u0142a Podstawowa im. Kornela Makuszy\u0144skiego w Czarkowie\",\"description\":\"Szko\u0142a w Czarkowie\",\"publisher\":{\"@id\":\"https:\/\/zspczarkow.pl\/szkola\/#organization\"},\"potentialAction\":[{\"@type\":\"SearchAction\",\"target\":{\"@type\":\"EntryPoint\",\"urlTemplate\":\"https:\/\/zspczarkow.pl\/szkola\/?s={search_term_string}\"},\"query-input\":{\"@type\":\"PropertyValueSpecification\",\"valueRequired\":true,\"valueName\":\"search_term_string\"}}],\"inLanguage\":\"pl-PL\"},{\"@type\":\"Organization\",\"@id\":\"https:\/\/zspczarkow.pl\/szkola\/#organization\",\"name\":\"Szko\u0142a Podstawowa im. Kornela Makuszy\u0144skiego w Czarkowie\",\"url\":\"https:\/\/zspczarkow.pl\/szkola\/\",\"logo\":{\"@type\":\"ImageObject\",\"inLanguage\":\"pl-PL\",\"@id\":\"https:\/\/zspczarkow.pl\/szkola\/#\/schema\/logo\/image\/\",\"url\":\"https:\/\/zspczarkow.pl\/szkola\/wp-content\/uploads\/2022\/10\/Logo4-uproszczone.png\",\"contentUrl\":\"https:\/\/zspczarkow.pl\/szkola\/wp-content\/uploads\/2022\/10\/Logo4-uproszczone.png\",\"width\":2439,\"height\":2440,\"caption\":\"Szko\u0142a Podstawowa im. Kornela Makuszy\u0144skiego w Czarkowie\"},\"image\":{\"@id\":\"https:\/\/zspczarkow.pl\/szkola\/#\/schema\/logo\/image\/\"}}]}<\/script>\n<!-- \/ Yoast SEO plugin. -->","yoast_head_json":{"title":"REKRUTACJA PRZEDSZKOLE - Szko\u0142a Podstawowa im. Kornela Makuszy\u0144skiego w Czarkowie","robots":{"index":"index","follow":"follow","max-snippet":"max-snippet:-1","max-image-preview":"max-image-preview:large","max-video-preview":"max-video-preview:-1"},"canonical":"https:\/\/zspczarkow.pl\/szkola\/rekrutacja-przedszkole\/","og_locale":"pl_PL","og_type":"article","og_title":"REKRUTACJA PRZEDSZKOLE - Szko\u0142a Podstawowa im. Kornela Makuszy\u0144skiego w Czarkowie","og_description":"Terminy post\u0119powania rekrutacyjnego w roku szkolnym 2026\/2027 W dniach od 5 \u00a0lutego do 11 lutego 2026r. \u2013sk\u0142adanie deklaracji o kontynuowaniu\u00a0wychowania przedszkolnego w roku szkolnym 2026\/2027 przez dzieci ucz\u0119szczaj\u0105ce obecnie do naszej plac\u00f3wki. Deklaracje o kontynuacji wychowania przedszkolnego b\u0119d\u0105 dost\u0119pne u wychowawc\u00f3w oraz w sekretariacie szkolnym.\u00a0 Wype\u0142nione deklaracj\u0119 w wersji papierowej nale\u017cy z\u0142o\u017cy\u0107 u wychowawcy lub [&hellip;]","og_url":"https:\/\/zspczarkow.pl\/szkola\/rekrutacja-przedszkole\/","og_site_name":"Szko\u0142a Podstawowa im. Kornela Makuszy\u0144skiego w Czarkowie","article_modified_time":"2026-02-08T20:06:49+00:00","og_image":[{"width":2560,"height":1920,"url":"https:\/\/zspczarkow.pl\/szkola\/wp-content\/uploads\/2019\/02\/20190206_112854-1-scaled.jpg","type":"image\/jpeg"}],"twitter_card":"summary_large_image","twitter_misc":{"Szacowany czas czytania":"4 minuty"},"schema":{"@context":"https:\/\/schema.org","@graph":[{"@type":"WebPage","@id":"https:\/\/zspczarkow.pl\/szkola\/rekrutacja-przedszkole\/","url":"https:\/\/zspczarkow.pl\/szkola\/rekrutacja-przedszkole\/","name":"REKRUTACJA PRZEDSZKOLE - Szko\u0142a Podstawowa im. Kornela Makuszy\u0144skiego w Czarkowie","isPartOf":{"@id":"https:\/\/zspczarkow.pl\/szkola\/#website"},"primaryImageOfPage":{"@id":"https:\/\/zspczarkow.pl\/szkola\/rekrutacja-przedszkole\/#primaryimage"},"image":{"@id":"https:\/\/zspczarkow.pl\/szkola\/rekrutacja-przedszkole\/#primaryimage"},"thumbnailUrl":"https:\/\/zspczarkow.pl\/przedszkole\/wp-content\/uploads\/2026\/01\/image.png","datePublished":"2019-02-05T19:02:12+00:00","dateModified":"2026-02-08T20:06:49+00:00","breadcrumb":{"@id":"https:\/\/zspczarkow.pl\/szkola\/rekrutacja-przedszkole\/#breadcrumb"},"inLanguage":"pl-PL","potentialAction":[{"@type":"ReadAction","target":["https:\/\/zspczarkow.pl\/szkola\/rekrutacja-przedszkole\/"]}]},{"@type":"ImageObject","inLanguage":"pl-PL","@id":"https:\/\/zspczarkow.pl\/szkola\/rekrutacja-przedszkole\/#primaryimage","url":"https:\/\/zspczarkow.pl\/przedszkole\/wp-content\/uploads\/2026\/01\/image.png","contentUrl":"https:\/\/zspczarkow.pl\/przedszkole\/wp-content\/uploads\/2026\/01\/image.png"},{"@type":"BreadcrumbList","@id":"https:\/\/zspczarkow.pl\/szkola\/rekrutacja-przedszkole\/#breadcrumb","itemListElement":[{"@type":"ListItem","position":1,"name":"Strona g\u0142\u00f3wna","item":"https:\/\/zspczarkow.pl\/szkola\/"},{"@type":"ListItem","position":2,"name":"REKRUTACJA PRZEDSZKOLE"}]},{"@type":"WebSite","@id":"https:\/\/zspczarkow.pl\/szkola\/#website","url":"https:\/\/zspczarkow.pl\/szkola\/","name":"Szko\u0142a Podstawowa im. Kornela Makuszy\u0144skiego w Czarkowie","description":"Szko\u0142a w Czarkowie","publisher":{"@id":"https:\/\/zspczarkow.pl\/szkola\/#organization"},"potentialAction":[{"@type":"SearchAction","target":{"@type":"EntryPoint","urlTemplate":"https:\/\/zspczarkow.pl\/szkola\/?s={search_term_string}"},"query-input":{"@type":"PropertyValueSpecification","valueRequired":true,"valueName":"search_term_string"}}],"inLanguage":"pl-PL"},{"@type":"Organization","@id":"https:\/\/zspczarkow.pl\/szkola\/#organization","name":"Szko\u0142a Podstawowa im. Kornela Makuszy\u0144skiego w Czarkowie","url":"https:\/\/zspczarkow.pl\/szkola\/","logo":{"@type":"ImageObject","inLanguage":"pl-PL","@id":"https:\/\/zspczarkow.pl\/szkola\/#\/schema\/logo\/image\/","url":"https:\/\/zspczarkow.pl\/szkola\/wp-content\/uploads\/2022\/10\/Logo4-uproszczone.png","contentUrl":"https:\/\/zspczarkow.pl\/szkola\/wp-content\/uploads\/2022\/10\/Logo4-uproszczone.png","width":2439,"height":2440,"caption":"Szko\u0142a Podstawowa im. Kornela Makuszy\u0144skiego w Czarkowie"},"image":{"@id":"https:\/\/zspczarkow.pl\/szkola\/#\/schema\/logo\/image\/"}}]}},"_links":{"self":[{"href":"https:\/\/zspczarkow.pl\/szkola\/wp-json\/wp\/v2\/pages\/2324","targetHints":{"allow":["GET"]}}],"collection":[{"href":"https:\/\/zspczarkow.pl\/szkola\/wp-json\/wp\/v2\/pages"}],"about":[{"href":"https:\/\/zspczarkow.pl\/szkola\/wp-json\/wp\/v2\/types\/page"}],"author":[{"embeddable":true,"href":"https:\/\/zspczarkow.pl\/szkola\/wp-json\/wp\/v2\/users\/2"}],"replies":[{"embeddable":true,"href":"https:\/\/zspczarkow.pl\/szkola\/wp-json\/wp\/v2\/comments?post=2324"}],"version-history":[{"count":42,"href":"https:\/\/zspczarkow.pl\/szkola\/wp-json\/wp\/v2\/pages\/2324\/revisions"}],"predecessor-version":[{"id":15776,"href":"https:\/\/zspczarkow.pl\/szkola\/wp-json\/wp\/v2\/pages\/2324\/revisions\/15776"}],"wp:attachment":[{"href":"https:\/\/zspczarkow.pl\/szkola\/wp-json\/wp\/v2\/media?parent=2324"}],"curies":[{"name":"wp","href":"https:\/\/api.w.org\/{rel}","templated":true}]}}