{"id":3677,"date":"2020-03-18T20:24:32","date_gmt":"2020-03-18T19:24:32","guid":{"rendered":"http:\/\/zspczarkow.pl\/szkola\/?page_id=3677"},"modified":"2020-05-31T16:49:42","modified_gmt":"2020-05-31T14:49:42","slug":"klasa-8a","status":"publish","type":"page","link":"https:\/\/zspczarkow.pl\/szkola\/klasa-8a\/","title":{"rendered":"Klasa 8a"},"content":{"rendered":"<h2 style=\"text-align: center;\">Dokument w chmurze, gdzie na bie\u017c\u0105co s\u0105 zamieszczane informacje dla Pa\u0144stwa i dla uczni\u00f3w dotycz\u0105ce zakresu materia\u0142u z poszczeg\u00f3lnych przedmiot\u00f3w.<\/h2>\n<h2 style=\"text-align: center;\"><span style=\"color: #0000ff;\">Wystarczy klikn\u0105\u0107 na nazw\u0119 klasy znajduj\u0105c\u0105 si\u0119 poni\u017cej i przekieruje Pa\u0144stwa do odpowiedniego dokumentu.<\/span><\/h2>\n<p>&nbsp;<\/p>\n<h2 style=\"text-align: center;\"><a href=\"https:\/\/docs.google.com\/document\/d\/1G47-VCJc8HN19cKvCF_mW5pKRCIbmLIOYXS9D6EV_4Q\/edit?usp=sharing\"><strong>Klasa 8 marzec &#8211; kwiecie\u0144<\/strong><\/a><\/h2>\n<h2 style=\"text-align: center;\"><a href=\"https:\/\/docs.google.com\/document\/d\/1G0TD8XVDM-v3rHHPh6CzHEonjLkBj4Vyx9zxtcSoRto\/edit?usp=sharing\" target=\"_blank\" rel=\"noopener\"><strong>Klasa 8 &#8211; maj<\/strong><\/a><\/h2>\n<h2 style=\"text-align: center;\"><a href=\"https:\/\/docs.google.com\/document\/d\/1BiTtYNNvO09kVqoZU3HsL9pElunTu9k89FAw9gjG8u8\/edit?usp=sharing\"><span style=\"color: #0000ff;\">KLASA 8 czerwiec<\/span><\/a><\/h2>\n<p>&nbsp;<\/p>\n<p>&nbsp;<\/p>\n<p>&nbsp;<\/p>\n","protected":false},"excerpt":{"rendered":"<p>Dokument w chmurze, gdzie na bie\u017c\u0105co s\u0105 zamieszczane informacje dla Pa\u0144stwa i dla uczni\u00f3w dotycz\u0105ce zakresu materia\u0142u z poszczeg\u00f3lnych przedmiot\u00f3w. Wystarczy klikn\u0105\u0107 na nazw\u0119 klasy znajduj\u0105c\u0105 si\u0119 poni\u017cej i przekieruje Pa\u0144stwa do odpowiedniego dokumentu. &nbsp; Klasa 8 marzec &#8211; kwiecie\u0144 Klasa 8 &#8211; maj KLASA 8 czerwiec &nbsp; &nbsp; &nbsp;<\/p>\n","protected":false},"author":3,"featured_media":0,"parent":0,"menu_order":0,"comment_status":"closed","ping_status":"closed","template":"","meta":{"footnotes":""},"class_list":["post-3677","page","type-page","status-publish","czr-hentry"],"yoast_head":"<!-- This site is optimized with the Yoast SEO plugin v24.7 - https:\/\/yoast.com\/wordpress\/plugins\/seo\/ -->\n<title>Klasa 8a - Szko\u0142a Podstawowa im. Kornela Makuszy\u0144skiego w Czarkowie<\/title>\n<meta name=\"robots\" content=\"index, follow, max-snippet:-1, max-image-preview:large, max-video-preview:-1\" \/>\n<link rel=\"canonical\" href=\"https:\/\/zspczarkow.pl\/szkola\/klasa-8a\/\" \/>\n<meta property=\"og:locale\" content=\"pl_PL\" \/>\n<meta property=\"og:type\" content=\"article\" \/>\n<meta property=\"og:title\" content=\"Klasa 8a - Szko\u0142a Podstawowa im. Kornela Makuszy\u0144skiego w Czarkowie\" \/>\n<meta property=\"og:description\" content=\"Dokument w chmurze, gdzie na bie\u017c\u0105co s\u0105 zamieszczane informacje dla Pa\u0144stwa i dla uczni\u00f3w dotycz\u0105ce zakresu materia\u0142u z poszczeg\u00f3lnych przedmiot\u00f3w. Wystarczy klikn\u0105\u0107 na nazw\u0119 klasy znajduj\u0105c\u0105 si\u0119 poni\u017cej i przekieruje Pa\u0144stwa do odpowiedniego dokumentu. &nbsp; Klasa 8 marzec &#8211; kwiecie\u0144 Klasa 8 &#8211; maj KLASA 8 czerwiec &nbsp; &nbsp; &nbsp;\" \/>\n<meta property=\"og:url\" content=\"https:\/\/zspczarkow.pl\/szkola\/klasa-8a\/\" \/>\n<meta property=\"og:site_name\" content=\"Szko\u0142a Podstawowa im. Kornela Makuszy\u0144skiego w Czarkowie\" \/>\n<meta property=\"article:modified_time\" content=\"2020-05-31T14:49:42+00:00\" \/>\n<meta name=\"twitter:card\" content=\"summary_large_image\" \/>\n<script type=\"application\/ld+json\" class=\"yoast-schema-graph\">{\"@context\":\"https:\/\/schema.org\",\"@graph\":[{\"@type\":\"WebPage\",\"@id\":\"https:\/\/zspczarkow.pl\/szkola\/klasa-8a\/\",\"url\":\"https:\/\/zspczarkow.pl\/szkola\/klasa-8a\/\",\"name\":\"Klasa 8a - Szko\u0142a Podstawowa im. Kornela Makuszy\u0144skiego w Czarkowie\",\"isPartOf\":{\"@id\":\"https:\/\/zspczarkow.pl\/szkola\/#website\"},\"datePublished\":\"2020-03-18T19:24:32+00:00\",\"dateModified\":\"2020-05-31T14:49:42+00:00\",\"breadcrumb\":{\"@id\":\"https:\/\/zspczarkow.pl\/szkola\/klasa-8a\/#breadcrumb\"},\"inLanguage\":\"pl-PL\",\"potentialAction\":[{\"@type\":\"ReadAction\",\"target\":[\"https:\/\/zspczarkow.pl\/szkola\/klasa-8a\/\"]}]},{\"@type\":\"BreadcrumbList\",\"@id\":\"https:\/\/zspczarkow.pl\/szkola\/klasa-8a\/#breadcrumb\",\"itemListElement\":[{\"@type\":\"ListItem\",\"position\":1,\"name\":\"Strona g\u0142\u00f3wna\",\"item\":\"https:\/\/zspczarkow.pl\/szkola\/\"},{\"@type\":\"ListItem\",\"position\":2,\"name\":\"Klasa 8a\"}]},{\"@type\":\"WebSite\",\"@id\":\"https:\/\/zspczarkow.pl\/szkola\/#website\",\"url\":\"https:\/\/zspczarkow.pl\/szkola\/\",\"name\":\"Szko\u0142a Podstawowa im. Kornela Makuszy\u0144skiego w Czarkowie\",\"description\":\"Szko\u0142a w Czarkowie\",\"publisher\":{\"@id\":\"https:\/\/zspczarkow.pl\/szkola\/#organization\"},\"potentialAction\":[{\"@type\":\"SearchAction\",\"target\":{\"@type\":\"EntryPoint\",\"urlTemplate\":\"https:\/\/zspczarkow.pl\/szkola\/?s={search_term_string}\"},\"query-input\":{\"@type\":\"PropertyValueSpecification\",\"valueRequired\":true,\"valueName\":\"search_term_string\"}}],\"inLanguage\":\"pl-PL\"},{\"@type\":\"Organization\",\"@id\":\"https:\/\/zspczarkow.pl\/szkola\/#organization\",\"name\":\"Szko\u0142a Podstawowa im. Kornela Makuszy\u0144skiego w Czarkowie\",\"url\":\"https:\/\/zspczarkow.pl\/szkola\/\",\"logo\":{\"@type\":\"ImageObject\",\"inLanguage\":\"pl-PL\",\"@id\":\"https:\/\/zspczarkow.pl\/szkola\/#\/schema\/logo\/image\/\",\"url\":\"https:\/\/zspczarkow.pl\/szkola\/wp-content\/uploads\/2022\/10\/Logo4-uproszczone.png\",\"contentUrl\":\"https:\/\/zspczarkow.pl\/szkola\/wp-content\/uploads\/2022\/10\/Logo4-uproszczone.png\",\"width\":2439,\"height\":2440,\"caption\":\"Szko\u0142a Podstawowa im. Kornela Makuszy\u0144skiego w Czarkowie\"},\"image\":{\"@id\":\"https:\/\/zspczarkow.pl\/szkola\/#\/schema\/logo\/image\/\"}}]}<\/script>\n<!-- \/ Yoast SEO plugin. -->","yoast_head_json":{"title":"Klasa 8a - Szko\u0142a Podstawowa im. Kornela Makuszy\u0144skiego w Czarkowie","robots":{"index":"index","follow":"follow","max-snippet":"max-snippet:-1","max-image-preview":"max-image-preview:large","max-video-preview":"max-video-preview:-1"},"canonical":"https:\/\/zspczarkow.pl\/szkola\/klasa-8a\/","og_locale":"pl_PL","og_type":"article","og_title":"Klasa 8a - Szko\u0142a Podstawowa im. Kornela Makuszy\u0144skiego w Czarkowie","og_description":"Dokument w chmurze, gdzie na bie\u017c\u0105co s\u0105 zamieszczane informacje dla Pa\u0144stwa i dla uczni\u00f3w dotycz\u0105ce zakresu materia\u0142u z poszczeg\u00f3lnych przedmiot\u00f3w. Wystarczy klikn\u0105\u0107 na nazw\u0119 klasy znajduj\u0105c\u0105 si\u0119 poni\u017cej i przekieruje Pa\u0144stwa do odpowiedniego dokumentu. &nbsp; Klasa 8 marzec &#8211; kwiecie\u0144 Klasa 8 &#8211; maj KLASA 8 czerwiec &nbsp; &nbsp; &nbsp;","og_url":"https:\/\/zspczarkow.pl\/szkola\/klasa-8a\/","og_site_name":"Szko\u0142a Podstawowa im. Kornela Makuszy\u0144skiego w Czarkowie","article_modified_time":"2020-05-31T14:49:42+00:00","twitter_card":"summary_large_image","schema":{"@context":"https:\/\/schema.org","@graph":[{"@type":"WebPage","@id":"https:\/\/zspczarkow.pl\/szkola\/klasa-8a\/","url":"https:\/\/zspczarkow.pl\/szkola\/klasa-8a\/","name":"Klasa 8a - Szko\u0142a Podstawowa im. Kornela Makuszy\u0144skiego w Czarkowie","isPartOf":{"@id":"https:\/\/zspczarkow.pl\/szkola\/#website"},"datePublished":"2020-03-18T19:24:32+00:00","dateModified":"2020-05-31T14:49:42+00:00","breadcrumb":{"@id":"https:\/\/zspczarkow.pl\/szkola\/klasa-8a\/#breadcrumb"},"inLanguage":"pl-PL","potentialAction":[{"@type":"ReadAction","target":["https:\/\/zspczarkow.pl\/szkola\/klasa-8a\/"]}]},{"@type":"BreadcrumbList","@id":"https:\/\/zspczarkow.pl\/szkola\/klasa-8a\/#breadcrumb","itemListElement":[{"@type":"ListItem","position":1,"name":"Strona g\u0142\u00f3wna","item":"https:\/\/zspczarkow.pl\/szkola\/"},{"@type":"ListItem","position":2,"name":"Klasa 8a"}]},{"@type":"WebSite","@id":"https:\/\/zspczarkow.pl\/szkola\/#website","url":"https:\/\/zspczarkow.pl\/szkola\/","name":"Szko\u0142a Podstawowa im. Kornela Makuszy\u0144skiego w Czarkowie","description":"Szko\u0142a w Czarkowie","publisher":{"@id":"https:\/\/zspczarkow.pl\/szkola\/#organization"},"potentialAction":[{"@type":"SearchAction","target":{"@type":"EntryPoint","urlTemplate":"https:\/\/zspczarkow.pl\/szkola\/?s={search_term_string}"},"query-input":{"@type":"PropertyValueSpecification","valueRequired":true,"valueName":"search_term_string"}}],"inLanguage":"pl-PL"},{"@type":"Organization","@id":"https:\/\/zspczarkow.pl\/szkola\/#organization","name":"Szko\u0142a Podstawowa im. Kornela Makuszy\u0144skiego w Czarkowie","url":"https:\/\/zspczarkow.pl\/szkola\/","logo":{"@type":"ImageObject","inLanguage":"pl-PL","@id":"https:\/\/zspczarkow.pl\/szkola\/#\/schema\/logo\/image\/","url":"https:\/\/zspczarkow.pl\/szkola\/wp-content\/uploads\/2022\/10\/Logo4-uproszczone.png","contentUrl":"https:\/\/zspczarkow.pl\/szkola\/wp-content\/uploads\/2022\/10\/Logo4-uproszczone.png","width":2439,"height":2440,"caption":"Szko\u0142a Podstawowa im. Kornela Makuszy\u0144skiego w Czarkowie"},"image":{"@id":"https:\/\/zspczarkow.pl\/szkola\/#\/schema\/logo\/image\/"}}]}},"_links":{"self":[{"href":"https:\/\/zspczarkow.pl\/szkola\/wp-json\/wp\/v2\/pages\/3677","targetHints":{"allow":["GET"]}}],"collection":[{"href":"https:\/\/zspczarkow.pl\/szkola\/wp-json\/wp\/v2\/pages"}],"about":[{"href":"https:\/\/zspczarkow.pl\/szkola\/wp-json\/wp\/v2\/types\/page"}],"author":[{"embeddable":true,"href":"https:\/\/zspczarkow.pl\/szkola\/wp-json\/wp\/v2\/users\/3"}],"replies":[{"embeddable":true,"href":"https:\/\/zspczarkow.pl\/szkola\/wp-json\/wp\/v2\/comments?post=3677"}],"version-history":[{"count":10,"href":"https:\/\/zspczarkow.pl\/szkola\/wp-json\/wp\/v2\/pages\/3677\/revisions"}],"predecessor-version":[{"id":4263,"href":"https:\/\/zspczarkow.pl\/szkola\/wp-json\/wp\/v2\/pages\/3677\/revisions\/4263"}],"wp:attachment":[{"href":"https:\/\/zspczarkow.pl\/szkola\/wp-json\/wp\/v2\/media?parent=3677"}],"curies":[{"name":"wp","href":"https:\/\/api.w.org\/{rel}","templated":true}]}}